{"id":29,"date":"2016-05-02T17:41:13","date_gmt":"2016-05-02T20:41:13","guid":{"rendered":"http:\/\/blogdalucianaoliveira.com.br\/blog\/?page_id=29"},"modified":"2021-11-19T20:15:40","modified_gmt":"2021-11-20T00:15:40","slug":"sobre-luciana-oliveira","status":"publish","type":"page","link":"http:\/\/blogdalucianaoliveira.com.br\/blog\/pagina-exemplo\/sobre-luciana-oliveira\/","title":{"rendered":"Sobre Luciana Oliveira"},"content":{"rendered":"<p><img data-recalc-dims=\"1\" loading=\"lazy\" decoding=\"async\" data-attachment-id=\"33115\" data-permalink=\"http:\/\/blogdalucianaoliveira.com.br\/blog\/pagina-exemplo\/sobre-luciana-oliveira\/216259331_4270646236344580_8586793507735525065_n\/\" data-orig-file=\"https:\/\/i0.wp.com\/blogdalucianaoliveira.com.br\/blog\/wp-content\/uploads\/2021\/11\/216259331_4270646236344580_8586793507735525065_n.jpg?fit=828%2C828\" data-orig-size=\"828,828\" data-comments-opened=\"0\" data-image-meta=\"{&quot;aperture&quot;:&quot;0&quot;,&quot;credit&quot;:&quot;&quot;,&quot;camera&quot;:&quot;&quot;,&quot;caption&quot;:&quot;&quot;,&quot;created_timestamp&quot;:&quot;0&quot;,&quot;copyright&quot;:&quot;&quot;,&quot;focal_length&quot;:&quot;0&quot;,&quot;iso&quot;:&quot;0&quot;,&quot;shutter_speed&quot;:&quot;0&quot;,&quot;title&quot;:&quot;&quot;,&quot;orientation&quot;:&quot;0&quot;}\" data-image-title=\"216259331_4270646236344580_8586793507735525065_n\" data-image-description=\"\" data-image-caption=\"\" data-medium-file=\"https:\/\/i0.wp.com\/blogdalucianaoliveira.com.br\/blog\/wp-content\/uploads\/2021\/11\/216259331_4270646236344580_8586793507735525065_n.jpg?fit=300%2C300\" data-large-file=\"https:\/\/i0.wp.com\/blogdalucianaoliveira.com.br\/blog\/wp-content\/uploads\/2021\/11\/216259331_4270646236344580_8586793507735525065_n.jpg?fit=600%2C600\" class=\"alignnone size-medium wp-image-33115\" src=\"https:\/\/i0.wp.com\/blogdalucianaoliveira.com.br\/blog\/wp-content\/uploads\/2021\/11\/216259331_4270646236344580_8586793507735525065_n.jpg?resize=300%2C300\" alt=\"\" width=\"300\" height=\"300\" srcset=\"https:\/\/i0.wp.com\/blogdalucianaoliveira.com.br\/blog\/wp-content\/uploads\/2021\/11\/216259331_4270646236344580_8586793507735525065_n.jpg?resize=300%2C300 300w, https:\/\/i0.wp.com\/blogdalucianaoliveira.com.br\/blog\/wp-content\/uploads\/2021\/11\/216259331_4270646236344580_8586793507735525065_n.jpg?resize=150%2C150 150w, https:\/\/i0.wp.com\/blogdalucianaoliveira.com.br\/blog\/wp-content\/uploads\/2021\/11\/216259331_4270646236344580_8586793507735525065_n.jpg?resize=768%2C768 768w, https:\/\/i0.wp.com\/blogdalucianaoliveira.com.br\/blog\/wp-content\/uploads\/2021\/11\/216259331_4270646236344580_8586793507735525065_n.jpg?w=828 828w\" sizes=\"auto, (max-width: 300px) 100vw, 300px\" \/><\/p>\n<p>Natural de Porto Velho, Rond\u00f4nia.<\/p>\n<p>Jornalista e bacharel em Direito.<\/p>\n<p>Foi rep\u00f3rter, \u00e2ncora de telejornal, chefe de reda\u00e7\u00e3o, chefe de assessoria de comunica\u00e7\u00e3o e atualmente presta servi\u00e7os com blog alternativo e progressista.<\/p>\n<p>O blog da Luciana Oliveira \u00e9 canal de luta pela democracia e justi\u00e7a social.<\/p>\n<p>Luciana \u00e9 representante de Rond\u00f4nia na Comiss\u00e3o Nacional de Blogueiros do Centro de Estudos Bar\u00e3o Do Itarar\u00e9 e assina coluna no Brasil 247.<\/p>\n<p>Faz especializa\u00e7\u00e3o em Diversidade e G\u00eanero Na Escola, na Universidade Federal de Rond\u00f4nia.<\/p>\n<p>\u00c9 feminista, militante da cultura e das causas sociais.<\/p>\n","protected":false},"excerpt":{"rendered":"<p>Natural de Porto Velho, Rond\u00f4nia. Jornalista e bacharel em Direito. Foi rep\u00f3rter, \u00e2ncora de telejornal, chefe de reda\u00e7\u00e3o, chefe de assessoria de comunica\u00e7\u00e3o e atualmente presta servi\u00e7os com blog alternativo e progressista. O blog da Luciana Oliveira \u00e9 canal de luta pela democracia e justi\u00e7a social. Luciana \u00e9 representante de Rond\u00f4nia na Comiss\u00e3o Nacional de&#8230;<a class=\"more-link\" href=\"http:\/\/blogdalucianaoliveira.com.br\/blog\/pagina-exemplo\/sobre-luciana-oliveira\/\">Continue a leitura <span class=\"meta-nav\">&raquo;<\/span><\/a><\/p>\n","protected":false},"author":1,"featured_media":0,"parent":2,"menu_order":2,"comment_status":"closed","ping_status":"closed","template":"","meta":{"_exactmetrics_skip_tracking":false,"_exactmetrics_sitenote_active":false,"_exactmetrics_sitenote_note":"","_exactmetrics_sitenote_category":0,"jetpack_post_was_ever_published":false,"footnotes":""},"class_list":["post-29","page","type-page","status-publish","hentry"],"jetpack_sharing_enabled":false,"jetpack_shortlink":"https:\/\/wp.me\/P7wKYW-t","jetpack-related-posts":[],"_links":{"self":[{"href":"http:\/\/blogdalucianaoliveira.com.br\/blog\/wp-json\/wp\/v2\/pages\/29","targetHints":{"allow":["GET"]}}],"collection":[{"href":"http:\/\/blogdalucianaoliveira.com.br\/blog\/wp-json\/wp\/v2\/pages"}],"about":[{"href":"http:\/\/blogdalucianaoliveira.com.br\/blog\/wp-json\/wp\/v2\/types\/page"}],"author":[{"embeddable":true,"href":"http:\/\/blogdalucianaoliveira.com.br\/blog\/wp-json\/wp\/v2\/users\/1"}],"replies":[{"embeddable":true,"href":"http:\/\/blogdalucianaoliveira.com.br\/blog\/wp-json\/wp\/v2\/comments?post=29"}],"version-history":[{"count":5,"href":"http:\/\/blogdalucianaoliveira.com.br\/blog\/wp-json\/wp\/v2\/pages\/29\/revisions"}],"predecessor-version":[{"id":33116,"href":"http:\/\/blogdalucianaoliveira.com.br\/blog\/wp-json\/wp\/v2\/pages\/29\/revisions\/33116"}],"up":[{"embeddable":true,"href":"http:\/\/blogdalucianaoliveira.com.br\/blog\/wp-json\/wp\/v2\/pages\/2"}],"wp:attachment":[{"href":"http:\/\/blogdalucianaoliveira.com.br\/blog\/wp-json\/wp\/v2\/media?parent=29"}],"curies":[{"name":"wp","href":"https:\/\/api.w.org\/{rel}","templated":true}]}}